{"id":2,"date":"2016-01-29T18:02:59","date_gmt":"2016-01-29T17:02:59","guid":{"rendered":"http:\/\/bigoudines.com\/web\/?page_id=2"},"modified":"2022-07-09T11:09:28","modified_gmt":"2022-07-09T10:09:28","slug":"presentation","status":"publish","type":"page","link":"https:\/\/bigoudines.com\/web\/presentation\/","title":{"rendered":"Pr\u00e9sentation"},"content":{"rendered":"<p><img loading=\"lazy\" class=\"aligncenter wp-image-2521\" src=\"https:\/\/bigoudines.com\/web\/wp-content\/uploads\/2020\/11\/Elements-Coutures-Red-1500x500-1.jpg\" alt=\"\u00a9 Les Bigoudines de Sandrine-Qui suis-je\" width=\"1000\" height=\"333\" srcset=\"https:\/\/bigoudines.com\/web\/wp-content\/uploads\/2020\/11\/Elements-Coutures-Red-1500x500-1.jpg 1500w, https:\/\/bigoudines.com\/web\/wp-content\/uploads\/2020\/11\/Elements-Coutures-Red-1500x500-1-300x100.jpg 300w, https:\/\/bigoudines.com\/web\/wp-content\/uploads\/2020\/11\/Elements-Coutures-Red-1500x500-1-1024x341.jpg 1024w, https:\/\/bigoudines.com\/web\/wp-content\/uploads\/2020\/11\/Elements-Coutures-Red-1500x500-1-768x256.jpg 768w, https:\/\/bigoudines.com\/web\/wp-content\/uploads\/2020\/11\/Elements-Coutures-Red-1500x500-1-600x200.jpg 600w\" sizes=\"(max-width: 1000px) 100vw, 1000px\" \/><\/p>\n<p style=\"text-align: left;\"><span style=\"color: #000000;\"><span lang=\"fr-FR\">Bonjour,<\/span><\/span><\/p>\n<p style=\"text-align: left;\"><span style=\"color: #000000;\"><span lang=\"fr-FR\"><span style=\"color: #000000;\">Pi\u00e8ces uniques et num\u00e9rot\u00e9es<\/span>, Les Bigoudines sont des poup\u00e9es de d\u00e9coration qui revisitent avec une pointe de fantaisie, l\u2019art de vivre breton.<\/span><\/span><\/p>\n<p><span style=\"color: #000000;\"><span lang=\"fr-FR\">D<\/span><\/span><span style=\"color: #000000;\"><span lang=\"fr-FR\">u patron jusqu&rsquo;aux d\u00e9tails de finition, <\/span><\/span><span style=\"color: #000000;\"><span lang=\"fr-FR\">chacune d\u2019<\/span><\/span><span style=\"color: #000000;\"><span lang=\"fr-FR\">elles <\/span><\/span><span style=\"color: #000000;\"><span lang=\"fr-FR\">est<\/span><span lang=\"fr-FR\"> enti\u00e8rement r\u00e9alis\u00e9e \u00e0 la main <\/span><span lang=\"fr-FR\">dans mon petit <\/span><\/span><span style=\"color: #000000;\"><span lang=\"fr-FR\">atelier pr\u00e8s de la <\/span><\/span><span style=\"color: #000000;\"><span lang=\"fr-FR\">C\u00f4te de Granit Rose<\/span><span lang=\"fr-FR\"><span style=\"color: #000000;\">.<\/span> <\/span><\/span><span style=\"color: #000000;\"><span lang=\"fr-FR\">Pour mes cr\u00e9ations, j\u2019utilise d<\/span><\/span><span style=\"color: #000000;\"><span lang=\"fr-FR\">es <\/span><span lang=\"fr-FR\">mat\u00e9riaux authentiques<\/span><span lang=\"fr-FR\"> comme la toile de lin, la fillasse, le grillage, <\/span><\/span><span style=\"color: #000000;\"><span lang=\"fr-FR\">que je marie aux <\/span><\/span><span style=\"color: #000000;\"><span lang=\"fr-FR\">tissus<\/span><\/span><span style=\"color: #000000;\"><span lang=\"fr-FR\">, <\/span><\/span><span style=\"color: #000000;\"><span lang=\"fr-FR\">dentelles, <\/span><\/span><span style=\"color: #000000;\"><span lang=\"fr-FR\">guipures et rubans, au gr\u00e9 de mes envies. <\/span><\/span><span style=\"color: #000000;\"><span lang=\"fr-FR\">A<\/span><\/span><span style=\"color: #000000;\"><span lang=\"fr-FR\">pr\u00e8s <\/span><\/span><span style=\"color: #000000;\"><span lang=\"fr-FR\">une douzaine d\u2019<\/span><\/span><span style=\"color: #000000;\"><span lang=\"fr-FR\">heures de couture et d\u2019assemblage, chaque <\/span><span lang=\"fr-FR\">poup\u00e9e<\/span><span lang=\"fr-FR\"> trouve sa personnalit\u00e9 gr\u00e2ce \u00e0 <\/span><\/span><span style=\"color: #000000;\"><span lang=\"fr-FR\">un<\/span><\/span><span style=\"color: #000000;\"><span lang=\"fr-FR\"> accessoire comme un panier en osier, une po\u00eale en cuivre ou un arrosoir en zinc.<\/span><\/span><\/p>\n<p style=\"text-align: left;\"><span style=\"color: #000000;\"><span lang=\"fr-FR\"><span style=\"color: #000000;\">Styliste<\/span> de formation, j&rsquo;ai travaill\u00e9 pendant plusieurs ann\u00e9es <\/span><\/span><span style=\"color: #000000;\"><span lang=\"fr-FR\">dans la lingerie et le pr\u00eat-\u00e0-porter <\/span><\/span><span style=\"color: #000000;\"><span lang=\"fr-FR\">\u00e0 Paris et Bangkok, Les <span style=\"color: #000000;\">Bigoudines <\/span><\/span><\/span><span style=\"color: #000000;\"><span lang=\"fr-FR\">sont<\/span><\/span><span style=\"color: #000000;\"><span lang=\"fr-FR\"> donc<\/span><\/span><span style=\"color: #000000;\"><span lang=\"fr-FR\"> une libre interpr\u00e9tation des costumes et des coiffes de Bretagne. <\/span><\/span><span style=\"color: #000000;\"><span lang=\"fr-FR\">Chaque collection ne comprend qu\u2019une vingtaine de <\/span><\/span><span style=\"color: #000000;\"><span lang=\"fr-FR\">poup\u00e9es<\/span><\/span><span style=\"color: #000000;\"><span lang=\"fr-FR\"> par an, dont certaines r\u00e9alis\u00e9es sur commande. Les <span style=\"color: #000000;\">Bigoudines <\/span><\/span><\/span><span style=\"color: #000000;\"><span lang=\"fr-FR\">sont<\/span><\/span><span style=\"color: #000000;\"><span lang=\"fr-FR\"> vendues essentiellement sur internet <\/span><\/span><span style=\"color: #000000;\"><span lang=\"fr-FR\">et <\/span><\/span><span style=\"color: #000000;\"><span lang=\"fr-FR\">voyagent ainsi \u00e0 travers le monde du Qu\u00e9bec jusqu\u2019\u00e0 Singapour.<\/span><\/span><\/p>\n<p>En esp\u00e9rant que mes poup\u00e9es apportent de la fantaisie dans votre maison&#8230;<\/p>\n<p>A bient\u00f4t<em>&nbsp;<\/em><\/p>\n<p><em>Sandrine<\/em><br \/>\nLes Bigoudines de Sandrine <sup>EI<\/sup><\/p>\n<p style=\"text-align: center;\"><img loading=\"lazy\" class=\"aligncenter wp-image-2543 size-full\" src=\"https:\/\/bigoudines.com\/web\/wp-content\/uploads\/2020\/11\/BDS-Qui-suis-je-3-Photos-1500.jpg\" alt=\"\u00a9 Les Bigoudines de Sandrine-Qui suis-je\" width=\"1500\" height=\"653\" srcset=\"https:\/\/bigoudines.com\/web\/wp-content\/uploads\/2020\/11\/BDS-Qui-suis-je-3-Photos-1500.jpg 1500w, https:\/\/bigoudines.com\/web\/wp-content\/uploads\/2020\/11\/BDS-Qui-suis-je-3-Photos-1500-300x131.jpg 300w, https:\/\/bigoudines.com\/web\/wp-content\/uploads\/2020\/11\/BDS-Qui-suis-je-3-Photos-1500-1024x446.jpg 1024w, https:\/\/bigoudines.com\/web\/wp-content\/uploads\/2020\/11\/BDS-Qui-suis-je-3-Photos-1500-768x334.jpg 768w, https:\/\/bigoudines.com\/web\/wp-content\/uploads\/2020\/11\/BDS-Qui-suis-je-3-Photos-1500-600x261.jpg 600w\" sizes=\"(max-width: 1500px) 100vw, 1500px\" \/><\/p>\n<p style=\"text-align: center;\"><em>Membre de la Route des M\u00e9tiers d&rsquo;Art des C\u00f4tes d&rsquo;Armor<\/em><\/p>\n<p style=\"text-align: center;\"><img loading=\"lazy\" class=\"aligncenter wp-image-2002\" src=\"http:\/\/bigoudines.com\/web\/wp-content\/uploads\/2020\/02\/La-Route-des-M\u00e9tiers-dArt-des-C\u00f4tes-dArmor-Logo.jpg\" alt=\"La Route des M\u00e9tiers d'Art des C\u00f4tes d'Armor-Logo\" width=\"100\" height=\"100\" srcset=\"https:\/\/bigoudines.com\/web\/wp-content\/uploads\/2020\/02\/La-Route-des-M\u00e9tiers-dArt-des-C\u00f4tes-dArmor-Logo.jpg 234w, https:\/\/bigoudines.com\/web\/wp-content\/uploads\/2020\/02\/La-Route-des-M\u00e9tiers-dArt-des-C\u00f4tes-dArmor-Logo-100x100.jpg 100w, https:\/\/bigoudines.com\/web\/wp-content\/uploads\/2020\/02\/La-Route-des-M\u00e9tiers-dArt-des-C\u00f4tes-dArmor-Logo-150x150.jpg 150w, https:\/\/bigoudines.com\/web\/wp-content\/uploads\/2020\/02\/La-Route-des-M\u00e9tiers-dArt-des-C\u00f4tes-dArmor-Logo-50x50.jpg 50w, https:\/\/bigoudines.com\/web\/wp-content\/uploads\/2020\/02\/La-Route-des-M\u00e9tiers-dArt-des-C\u00f4tes-dArmor-Logo-220x220.jpg 220w\" sizes=\"(max-width: 100px) 100vw, 100px\" \/><\/p>\n","protected":false},"excerpt":{"rendered":"<p>Bonjour, Pi\u00e8ces uniques et num\u00e9rot\u00e9es, Les Bigoudines sont des poup\u00e9es de d\u00e9coration qui revisitent avec une pointe de fantaisie, l\u2019art de vivre breton. Du patron jusqu&rsquo;aux d\u00e9tails de finition, chacune d\u2019elles est enti\u00e8rement r\u00e9alis\u00e9e \u00e0 la main dans mon petit atelier pr\u00e8s de la C\u00f4te de Granit Rose. Pour mes cr\u00e9ations, j\u2019utilise des mat\u00e9riaux authentiques <a class=\"read-more\" href=\"https:\/\/bigoudines.com\/web\/presentation\/\">En savoir plus &#8230;<\/a><\/p>\n","protected":false},"author":1,"featured_media":0,"parent":0,"menu_order":0,"comment_status":"closed","ping_status":"closed","template":"","meta":{"spay_email":""},"_links":{"self":[{"href":"https:\/\/bigoudines.com\/web\/wp-json\/wp\/v2\/pages\/2"}],"collection":[{"href":"https:\/\/bigoudines.com\/web\/wp-json\/wp\/v2\/pages"}],"about":[{"href":"https:\/\/bigoudines.com\/web\/wp-json\/wp\/v2\/types\/page"}],"author":[{"embeddable":true,"href":"https:\/\/bigoudines.com\/web\/wp-json\/wp\/v2\/users\/1"}],"replies":[{"embeddable":true,"href":"https:\/\/bigoudines.com\/web\/wp-json\/wp\/v2\/comments?post=2"}],"version-history":[{"count":39,"href":"https:\/\/bigoudines.com\/web\/wp-json\/wp\/v2\/pages\/2\/revisions"}],"predecessor-version":[{"id":3024,"href":"https:\/\/bigoudines.com\/web\/wp-json\/wp\/v2\/pages\/2\/revisions\/3024"}],"wp:attachment":[{"href":"https:\/\/bigoudines.com\/web\/wp-json\/wp\/v2\/media?parent=2"}],"curies":[{"name":"wp","href":"https:\/\/api.w.org\/{rel}","templated":true}]}}