{"id":2589,"date":"2008-11-21T12:24:17","date_gmt":"2008-11-21T11:24:17","guid":{"rendered":"https:\/\/bigoudines.com\/web\/?post_type=product&#038;p=2589"},"modified":"2021-11-08T16:20:53","modified_gmt":"2021-11-08T15:20:53","slug":"soline-vendue","status":"publish","type":"product","link":"https:\/\/bigoudines.com\/web\/product\/soline-vendue\/","title":{"rendered":"Soline <br><span style=\"font-family: Helvetica Neue, sans-serif, Bilbo\">VENDUE<span>"},"content":{"rendered":"<ul>Poup\u00e9e du Pays Fouesnantais<\/p>\n<li>Coiffe fouesnantaise \u00ab Giz Fo\u00ebn \u00bb en dentelle blanche<\/li>\n<li>Tablier de coton fond bleu \u00e0 motifs beiges<\/li>\n<li>Dentelle et serpentine \u00e9crues bordant le tablier<\/li>\n<li>Manches en tissu \u00e0 carreaux bleu et \u00e9cru coordonn\u00e9 avec dentelle et serpentine \u00e9crues<\/li>\n<li>Corsage en velours noir avec col en dentelle \u00e9crue<\/li>\n<li>Petite croix argent\u00e9e<\/li>\n<li>Broc en zinc<\/li>\n<li>Hauteur = 39 cm environ (avec coiffe)<\/li>\n<\/ul>\n<ul>Recommandation: Cette poup\u00e9e n&rsquo;est pas un jouet pour enfant, mais un objet de d\u00e9coration.<\/ul>\n","protected":false},"excerpt":{"rendered":"<p>Poup\u00e9e du pays Fouesnantais <strong>Soline<\/strong> avec son broc en zinc<\/p>\n","protected":false},"featured_media":824,"template":"","meta":{"spay_email":""},"product_cat":[50],"product_tag":[57,76],"_links":{"self":[{"href":"https:\/\/bigoudines.com\/web\/wp-json\/wp\/v2\/product\/2589"}],"collection":[{"href":"https:\/\/bigoudines.com\/web\/wp-json\/wp\/v2\/product"}],"about":[{"href":"https:\/\/bigoudines.com\/web\/wp-json\/wp\/v2\/types\/product"}],"wp:featuredmedia":[{"embeddable":true,"href":"https:\/\/bigoudines.com\/web\/wp-json\/wp\/v2\/media\/824"}],"wp:attachment":[{"href":"https:\/\/bigoudines.com\/web\/wp-json\/wp\/v2\/media?parent=2589"}],"wp:term":[{"taxonomy":"product_cat","embeddable":true,"href":"https:\/\/bigoudines.com\/web\/wp-json\/wp\/v2\/product_cat?post=2589"},{"taxonomy":"product_tag","embeddable":true,"href":"https:\/\/bigoudines.com\/web\/wp-json\/wp\/v2\/product_tag?post=2589"}],"curies":[{"name":"wp","href":"https:\/\/api.w.org\/{rel}","templated":true}]}}