{"id":2595,"date":"2008-11-25T12:40:33","date_gmt":"2008-11-25T11:40:33","guid":{"rendered":"https:\/\/bigoudines.com\/web\/?post_type=product&#038;p=2595"},"modified":"2021-11-08T16:20:20","modified_gmt":"2021-11-08T15:20:20","slug":"eglantine-vendue","status":"publish","type":"product","link":"https:\/\/bigoudines.com\/web\/product\/eglantine-vendue\/","title":{"rendered":"Eglantine <br><span style=\"font-family: Helvetica Neue, sans-serif, Bilbo\">VENDUE<span>"},"content":{"rendered":"<ul>Poup\u00e9e du Pays de Rennes<\/ul>\n<ul>\n<li>Coiffe rennaise \u00ab\u00a0Catiole\u00a0\u00bb en dentelle blanche<\/li>\n<li>Tablier de coton damass\u00e9 \u00e0 larges rayures ciel et beiges avec motifs feuilles d&rsquo;acanthe \u00e9crues<\/li>\n<li>Dentelle beige bordant le tablier<\/li>\n<li>Manches en tissu beige et \u00e9cru coordonn\u00e9 avec dentelle beige<\/li>\n<li>Corsage en velours noir avec col en dentelle beige<\/li>\n<li>Petite croix argent\u00e9e<\/li>\n<li>Ombrelle en dentelle \u00e9crue et bassine en cuivre<\/li>\n<li style=\"text-align: justify;\">Hauteur = 36 cm environ (avec coiffe)<\/li>\n<\/ul>\n<ul>Recommandation: Cette poup\u00e9e n&rsquo;est pas un jouet pour enfant, mais un objet de d\u00e9coration.<\/ul>\n","protected":false},"excerpt":{"rendered":"<p>Poup\u00e9e Rennaise <strong>Eglantine<\/strong> avec son ombrelle en dentelle<\/p>\n","protected":false},"featured_media":816,"template":"","meta":{"spay_email":""},"product_cat":[50],"product_tag":[61,57,77],"_links":{"self":[{"href":"https:\/\/bigoudines.com\/web\/wp-json\/wp\/v2\/product\/2595"}],"collection":[{"href":"https:\/\/bigoudines.com\/web\/wp-json\/wp\/v2\/product"}],"about":[{"href":"https:\/\/bigoudines.com\/web\/wp-json\/wp\/v2\/types\/product"}],"wp:featuredmedia":[{"embeddable":true,"href":"https:\/\/bigoudines.com\/web\/wp-json\/wp\/v2\/media\/816"}],"wp:attachment":[{"href":"https:\/\/bigoudines.com\/web\/wp-json\/wp\/v2\/media?parent=2595"}],"wp:term":[{"taxonomy":"product_cat","embeddable":true,"href":"https:\/\/bigoudines.com\/web\/wp-json\/wp\/v2\/product_cat?post=2595"},{"taxonomy":"product_tag","embeddable":true,"href":"https:\/\/bigoudines.com\/web\/wp-json\/wp\/v2\/product_tag?post=2595"}],"curies":[{"name":"wp","href":"https:\/\/api.w.org\/{rel}","templated":true}]}}