{"id":2633,"date":"2010-10-19T16:02:45","date_gmt":"2010-10-19T15:02:45","guid":{"rendered":"https:\/\/bigoudines.com\/web\/?post_type=product&#038;p=2633"},"modified":"2021-11-08T16:15:53","modified_gmt":"2021-11-08T15:15:53","slug":"sainte-marine-couple-vendu","status":"publish","type":"product","link":"https:\/\/bigoudines.com\/web\/product\/sainte-marine-couple-vendu\/","title":{"rendered":"Sainte-Marine <br><span style=\"font-family: Helvetica Neue, sans-serif, Bilbo\">COUPLE VENDU<span>"},"content":{"rendered":"<ul>Poup\u00e9es du Pays Bigouden<\/ul>\n<p><em>Couple r\u00e9alis\u00e9 pour un mariage, avec socle en bois et coussin porte-alliances en lin naturel avec motif c\u0153ur en guipure blanche<\/em><strong><br \/>\n<\/strong><\/p>\n<p><strong><em>La mari\u00e9e:<\/em> <\/strong><\/p>\n<ul>\n<li>Coiffe bigoud\u00e8ne en dentelle blanche<\/li>\n<li>Tablier en satin blanc rebrod\u00e9 de fleurs blanches<\/li>\n<li>Fine dentelle blanche festonn\u00e9e recouvrant le haut du tablier avec rappel en bas<\/li>\n<li>Manches en tissu assorti avec dentelle blanche<\/li>\n<li>Corsage en velours noir avec grand col \u00e0 motif de satin brod\u00e9 blanc<\/li>\n<li>Petit c\u0153ur breton argent\u00e9<\/li>\n<li>Hauteur = 45 cm environ (avec coiffe)<\/li>\n<\/ul>\n<p><strong><em>Le mari\u00e9:<\/em><\/strong><\/p>\n<ul>\n<li>Chapeau de feutre noir avec ruban et boucle m\u00e9tal argent\u00e9e<\/li>\n<li>Pantalon de toile noire<\/li>\n<li>Veste de velours noir avec bordure point zigzag or et 6 boutons argent\u00e9s<\/li>\n<li>Manches en velours noir avec bas en tissu imprim\u00e9 de motifs bigoudens jaunes<\/li>\n<li>Plastron en tissu imprim\u00e9 de motifs bigoudens jaunes<\/li>\n<li>Sabots en bois<\/li>\n<li>Hauteur = 42 cm environ (avec chapeau)<\/li>\n<\/ul>\n<ul>Recommandation: Cette cr\u00e9ation n&rsquo;est pas un jouet pour enfant, mais un objet de d\u00e9coration.<\/ul>\n","protected":false},"excerpt":{"rendered":"<p>Couple de mari\u00e9s du pays Bigouden <strong>Sainte-Marine<\/strong> avec coussin porte-alliances<\/p>\n","protected":false},"featured_media":953,"template":"","meta":{"spay_email":""},"product_cat":[50],"product_tag":[62,55,68,75,63],"_links":{"self":[{"href":"https:\/\/bigoudines.com\/web\/wp-json\/wp\/v2\/product\/2633"}],"collection":[{"href":"https:\/\/bigoudines.com\/web\/wp-json\/wp\/v2\/product"}],"about":[{"href":"https:\/\/bigoudines.com\/web\/wp-json\/wp\/v2\/types\/product"}],"wp:featuredmedia":[{"embeddable":true,"href":"https:\/\/bigoudines.com\/web\/wp-json\/wp\/v2\/media\/953"}],"wp:attachment":[{"href":"https:\/\/bigoudines.com\/web\/wp-json\/wp\/v2\/media?parent=2633"}],"wp:term":[{"taxonomy":"product_cat","embeddable":true,"href":"https:\/\/bigoudines.com\/web\/wp-json\/wp\/v2\/product_cat?post=2633"},{"taxonomy":"product_tag","embeddable":true,"href":"https:\/\/bigoudines.com\/web\/wp-json\/wp\/v2\/product_tag?post=2633"}],"curies":[{"name":"wp","href":"https:\/\/api.w.org\/{rel}","templated":true}]}}