{"id":2651,"date":"2011-12-19T17:03:55","date_gmt":"2011-12-19T16:03:55","guid":{"rendered":"https:\/\/bigoudines.com\/web\/?post_type=product&#038;p=2651"},"modified":"2021-11-08T16:08:09","modified_gmt":"2021-11-08T15:08:09","slug":"valerine-vendue","status":"publish","type":"product","link":"https:\/\/bigoudines.com\/web\/product\/valerine-vendue\/","title":{"rendered":"Val\u00e9rine <br><span style=\"font-family: Helvetica Neue, sans-serif, Bilbo\">VENDUE<span>"},"content":{"rendered":"<ul>Poup\u00e9e du Pays Bigouden<\/p>\n<li>Coiffe bigoud\u00e8ne avec longue traine en dentelle blanche<\/li>\n<li>Tablier en broderie anglaise blanche rebrod\u00e9e<\/li>\n<li>Fine dentelle blanche festonn\u00e9e recouvrant le haut du tablier avec dentelle blanche dans le bas<\/li>\n<li>Manches en tissu assorti avec dentelle blanche<\/li>\n<li>Corsage en velours noir avec grand motif de guipure blanche<\/li>\n<li>Petit c\u0153ur breton argent\u00e9 sur n\u0153ud de satin blanc<\/li>\n<li>Grand bouquet de mari\u00e9e avec marguerites et dentelle<\/li>\n<li>Hauteur = 45 cm environ (avec coiffe)<\/li>\n<\/ul>\n<ul>Recommandation: Cette poup\u00e9e n&rsquo;est pas un jouet pour enfant, mais un objet de d\u00e9coration.<\/ul>\n","protected":false},"excerpt":{"rendered":"<p>Poup\u00e9e du pays Bigouden <strong>Val\u00e9rine<\/strong> avec son grand bouquet de mari\u00e9e, pr\u00e9sent\u00e9e avec Albin<\/p>\n","protected":false},"featured_media":1013,"template":"","meta":{"spay_email":""},"product_cat":[50],"product_tag":[55,68],"_links":{"self":[{"href":"https:\/\/bigoudines.com\/web\/wp-json\/wp\/v2\/product\/2651"}],"collection":[{"href":"https:\/\/bigoudines.com\/web\/wp-json\/wp\/v2\/product"}],"about":[{"href":"https:\/\/bigoudines.com\/web\/wp-json\/wp\/v2\/types\/product"}],"wp:featuredmedia":[{"embeddable":true,"href":"https:\/\/bigoudines.com\/web\/wp-json\/wp\/v2\/media\/1013"}],"wp:attachment":[{"href":"https:\/\/bigoudines.com\/web\/wp-json\/wp\/v2\/media?parent=2651"}],"wp:term":[{"taxonomy":"product_cat","embeddable":true,"href":"https:\/\/bigoudines.com\/web\/wp-json\/wp\/v2\/product_cat?post=2651"},{"taxonomy":"product_tag","embeddable":true,"href":"https:\/\/bigoudines.com\/web\/wp-json\/wp\/v2\/product_tag?post=2651"}],"curies":[{"name":"wp","href":"https:\/\/api.w.org\/{rel}","templated":true}]}}