{"id":2681,"date":"2012-02-09T18:30:56","date_gmt":"2012-02-09T17:30:56","guid":{"rendered":"https:\/\/bigoudines.com\/web\/?post_type=product&#038;p=2681"},"modified":"2021-11-08T16:14:05","modified_gmt":"2021-11-08T15:14:05","slug":"marin-vendu-2","status":"publish","type":"product","link":"https:\/\/bigoudines.com\/web\/product\/marin-vendu-2\/","title":{"rendered":"Marin <br><span style=\"font-family: Helvetica Neue, sans-serif, Bilbo\">VENDU<span>"},"content":{"rendered":"<ul>Poup\u00e9e P\u00eacheur<\/p>\n<li>Chapeau, veste et pantalon en toile cir\u00e9e jaune<\/li>\n<li>Marini\u00e8re en coton ray\u00e9 bleu et blanc<\/li>\n<li>Petite ancre de marine argent\u00e9e<\/li>\n<li>Bottes marines<\/li>\n<li>Canne \u00e0 p\u00eache avec poisson<\/li>\n<li>Hauteur = 39 cm environ (avec chapeau)<\/li>\n<\/ul>\n<ul>Recommandation: Cette poup\u00e9e n&rsquo;est pas un jouet pour enfant, mais un objet de d\u00e9coration.<\/ul>\n","protected":false},"excerpt":{"rendered":"<p>Poup\u00e9e P\u00eacheur <strong>Marin<\/strong> avec sa canne \u00e0 p\u00eache, pr\u00e9sent\u00e9 sur la photo avec Martin<\/p>\n","protected":false},"featured_media":1116,"template":"","meta":{"spay_email":""},"product_cat":[50],"product_tag":[58,67],"_links":{"self":[{"href":"https:\/\/bigoudines.com\/web\/wp-json\/wp\/v2\/product\/2681"}],"collection":[{"href":"https:\/\/bigoudines.com\/web\/wp-json\/wp\/v2\/product"}],"about":[{"href":"https:\/\/bigoudines.com\/web\/wp-json\/wp\/v2\/types\/product"}],"wp:featuredmedia":[{"embeddable":true,"href":"https:\/\/bigoudines.com\/web\/wp-json\/wp\/v2\/media\/1116"}],"wp:attachment":[{"href":"https:\/\/bigoudines.com\/web\/wp-json\/wp\/v2\/media?parent=2681"}],"wp:term":[{"taxonomy":"product_cat","embeddable":true,"href":"https:\/\/bigoudines.com\/web\/wp-json\/wp\/v2\/product_cat?post=2681"},{"taxonomy":"product_tag","embeddable":true,"href":"https:\/\/bigoudines.com\/web\/wp-json\/wp\/v2\/product_tag?post=2681"}],"curies":[{"name":"wp","href":"https:\/\/api.w.org\/{rel}","templated":true}]}}