{"id":2688,"date":"2012-12-05T18:44:41","date_gmt":"2012-12-05T17:44:41","guid":{"rendered":"https:\/\/bigoudines.com\/web\/?post_type=product&#038;p=2688"},"modified":"2021-11-08T16:04:03","modified_gmt":"2021-11-08T15:04:03","slug":"gourmandine-vendue","status":"publish","type":"product","link":"https:\/\/bigoudines.com\/web\/product\/gourmandine-vendue\/","title":{"rendered":"Gourmandine <br><span style=\"font-family: Helvetica Neue, sans-serif, Bilbo\">VENDUE<span>"},"content":{"rendered":"<ul>Poup\u00e9e du Tr\u00e9gor<\/p>\n<li>Coiffe tr\u00e9gorroise \u00ab\u00a0Touken\u00a0\u00bb en dentelle blanche<\/li>\n<li>Tablier de coton fond orange imprim\u00e9 semis de fleurettes jaunes<\/li>\n<li>Dentelle festonn\u00e9e \u00e9crue recouvrant le tablier avec galon de satin \u00e9cru en bordure<\/li>\n<li>Manches en tissu assorti recouvert de dentelle \u00e9crue avec galon de satin \u00e9cru<\/li>\n<li>Corsage en velours noir avec col en dentelle et galon \u00e9cru<\/li>\n<li>Petite croix argent\u00e9e<\/li>\n<li>Religieuse en p\u00e2te polym\u00e8re et bo\u00eete \u00e0 g\u00e2teaux<\/li>\n<li>Hauteur = 37 cm environ (avec coiffe)<\/li>\n<\/ul>\n<ul>Recommandation: Cette poup\u00e9e n&rsquo;est pas un jouet pour enfant, mais un objet de d\u00e9coration.<\/ul>\n","protected":false},"excerpt":{"rendered":"<p>Poup\u00e9e Tr\u00e9gorroise <strong>Gourmandine<\/strong> avec son petit g\u00e2teau<\/p>\n","protected":false},"featured_media":1109,"template":"","meta":{"spay_email":""},"product_cat":[50],"product_tag":[64,73],"_links":{"self":[{"href":"https:\/\/bigoudines.com\/web\/wp-json\/wp\/v2\/product\/2688"}],"collection":[{"href":"https:\/\/bigoudines.com\/web\/wp-json\/wp\/v2\/product"}],"about":[{"href":"https:\/\/bigoudines.com\/web\/wp-json\/wp\/v2\/types\/product"}],"wp:featuredmedia":[{"embeddable":true,"href":"https:\/\/bigoudines.com\/web\/wp-json\/wp\/v2\/media\/1109"}],"wp:attachment":[{"href":"https:\/\/bigoudines.com\/web\/wp-json\/wp\/v2\/media?parent=2688"}],"wp:term":[{"taxonomy":"product_cat","embeddable":true,"href":"https:\/\/bigoudines.com\/web\/wp-json\/wp\/v2\/product_cat?post=2688"},{"taxonomy":"product_tag","embeddable":true,"href":"https:\/\/bigoudines.com\/web\/wp-json\/wp\/v2\/product_tag?post=2688"}],"curies":[{"name":"wp","href":"https:\/\/api.w.org\/{rel}","templated":true}]}}