{"id":2700,"date":"2013-11-07T19:08:11","date_gmt":"2013-11-07T18:08:11","guid":{"rendered":"https:\/\/bigoudines.com\/web\/?post_type=product&#038;p=2700"},"modified":"2021-11-08T16:00:58","modified_gmt":"2021-11-08T15:00:58","slug":"paulin-vendu-2","status":"publish","type":"product","link":"https:\/\/bigoudines.com\/web\/product\/paulin-vendu-2\/","title":{"rendered":"Paulin <br><span style=\"font-family: Helvetica Neue, sans-serif, Bilbo\">VENDU<span>"},"content":{"rendered":"<ul>Poup\u00e9e du Pays Bigouden<\/p>\n<li>Chapeau de feutre noir avec ruban et boucle m\u00e9tal argent\u00e9e<\/li>\n<li>Pantalon de toile noire<\/li>\n<li>Veste de velours noir avec galon or en bordure et en bas de manches<\/li>\n<li>Plastron de velours noir \u00e0 6 boutons dor\u00e9s avec empi\u00e8cement en tissu imprim\u00e9 de motifs bigoudens jaunes<\/li>\n<li>Sabots en bois<\/li>\n<li>Hauteur = 40 cm environ (avec chapeau)<\/li>\n<\/ul>\n<ul>Recommandation: Cette poup\u00e9e n&rsquo;est pas un jouet pour enfant, mais un objet de d\u00e9coration.<\/ul>\n","protected":false},"excerpt":{"rendered":"<p>Poup\u00e9e du pays Bigouden <strong>Paulin<\/strong><\/p>\n","protected":false},"featured_media":1193,"template":"","meta":{"spay_email":""},"product_cat":[50],"product_tag":[62,75,63],"_links":{"self":[{"href":"https:\/\/bigoudines.com\/web\/wp-json\/wp\/v2\/product\/2700"}],"collection":[{"href":"https:\/\/bigoudines.com\/web\/wp-json\/wp\/v2\/product"}],"about":[{"href":"https:\/\/bigoudines.com\/web\/wp-json\/wp\/v2\/types\/product"}],"wp:featuredmedia":[{"embeddable":true,"href":"https:\/\/bigoudines.com\/web\/wp-json\/wp\/v2\/media\/1193"}],"wp:attachment":[{"href":"https:\/\/bigoudines.com\/web\/wp-json\/wp\/v2\/media?parent=2700"}],"wp:term":[{"taxonomy":"product_cat","embeddable":true,"href":"https:\/\/bigoudines.com\/web\/wp-json\/wp\/v2\/product_cat?post=2700"},{"taxonomy":"product_tag","embeddable":true,"href":"https:\/\/bigoudines.com\/web\/wp-json\/wp\/v2\/product_tag?post=2700"}],"curies":[{"name":"wp","href":"https:\/\/api.w.org\/{rel}","templated":true}]}}