{"id":2719,"date":"2016-09-03T19:45:23","date_gmt":"2016-09-03T18:45:23","guid":{"rendered":"https:\/\/bigoudines.com\/web\/?post_type=product&#038;p=2719"},"modified":"2021-11-08T15:59:21","modified_gmt":"2021-11-08T14:59:21","slug":"valentin-vendu-2","status":"publish","type":"product","link":"https:\/\/bigoudines.com\/web\/product\/valentin-vendu-2\/","title":{"rendered":"Valentin <br><span style=\"font-family: Helvetica Neue, sans-serif, Bilbo\">VENDU<span>"},"content":{"rendered":"<ul>Poup\u00e9e du Pays Bigouden<\/p>\n<li>Chapeau de feutre noir avec ruban et boucle m\u00e9tal argent\u00e9e<\/li>\n<li>Pantalon de toile noire<\/li>\n<li>Veste en velours noir avec bordures de ruban bleu<\/li>\n<li>Plastron en velours noir avec empi\u00e8cement galon brod\u00e9 fleurs et 6 boutons argent\u00e9s<\/li>\n<li>Sabots en bois<\/li>\n<li>Hauteur = 40 cm environ (avec chapeau)<\/li>\n<\/ul>\n<ul>Recommandation: Cette poup\u00e9e n&rsquo;est pas un jouet pour enfant, mais un objet de d\u00e9coration.<\/ul>\n","protected":false},"excerpt":{"rendered":"<p>Poup\u00e9e du pays Bigouden <strong>Valentin<\/strong><\/p>\n","protected":false},"featured_media":1516,"template":"","meta":{"spay_email":""},"product_cat":[50],"product_tag":[62,57,63],"_links":{"self":[{"href":"https:\/\/bigoudines.com\/web\/wp-json\/wp\/v2\/product\/2719"}],"collection":[{"href":"https:\/\/bigoudines.com\/web\/wp-json\/wp\/v2\/product"}],"about":[{"href":"https:\/\/bigoudines.com\/web\/wp-json\/wp\/v2\/types\/product"}],"wp:featuredmedia":[{"embeddable":true,"href":"https:\/\/bigoudines.com\/web\/wp-json\/wp\/v2\/media\/1516"}],"wp:attachment":[{"href":"https:\/\/bigoudines.com\/web\/wp-json\/wp\/v2\/media?parent=2719"}],"wp:term":[{"taxonomy":"product_cat","embeddable":true,"href":"https:\/\/bigoudines.com\/web\/wp-json\/wp\/v2\/product_cat?post=2719"},{"taxonomy":"product_tag","embeddable":true,"href":"https:\/\/bigoudines.com\/web\/wp-json\/wp\/v2\/product_tag?post=2719"}],"curies":[{"name":"wp","href":"https:\/\/api.w.org\/{rel}","templated":true}]}}