{"id":2727,"date":"2016-09-02T20:04:29","date_gmt":"2016-09-02T19:04:29","guid":{"rendered":"https:\/\/bigoudines.com\/web\/?post_type=product&#038;p=2727"},"modified":"2021-11-08T15:59:36","modified_gmt":"2021-11-08T14:59:36","slug":"cafeine-vendue","status":"publish","type":"product","link":"https:\/\/bigoudines.com\/web\/product\/cafeine-vendue\/","title":{"rendered":"Caf\u00e9ine <br><span style=\"font-family: Helvetica Neue, sans-serif, Bilbo\">VENDUE<span>"},"content":{"rendered":"<ul>Poup\u00e9e du Pays de Penthi\u00e8vre<\/p>\n<li>Coiffe de Penthi\u00e8vre en dentelle blanche<\/li>\n<li>Tablier de coton fond blanc imprim\u00e9 Quimper bleu<\/li>\n<li>Broderie anglaise blanche avec ruban satin marine bordant le tablier<\/li>\n<li>Manches en tissu assorti avec broderie anglaise blanche avec ruban satin marine<\/li>\n<li>Corsage en velours noir<\/li>\n<li>Petit c\u0153ur argent\u00e9<\/li>\n<li>Cafeti\u00e8re en fa\u00efence<\/li>\n<li>Hauteur = 36 cm environ (avec coiffe)<\/li>\n<\/ul>\n<ul>Recommandation: Cette poup\u00e9e n&rsquo;est pas un jouet pour enfant, mais un objet de d\u00e9coration.<\/ul>\n","protected":false},"excerpt":{"rendered":"<p>Poup\u00e9e du pays de Penthi\u00e8vre <strong>Caf\u00e9ine<\/strong> avec sa petite cafeti\u00e8re en fa\u00efence<\/p>\n","protected":false},"featured_media":1333,"template":"","meta":{"spay_email":""},"product_cat":[50],"product_tag":[57,74],"_links":{"self":[{"href":"https:\/\/bigoudines.com\/web\/wp-json\/wp\/v2\/product\/2727"}],"collection":[{"href":"https:\/\/bigoudines.com\/web\/wp-json\/wp\/v2\/product"}],"about":[{"href":"https:\/\/bigoudines.com\/web\/wp-json\/wp\/v2\/types\/product"}],"wp:featuredmedia":[{"embeddable":true,"href":"https:\/\/bigoudines.com\/web\/wp-json\/wp\/v2\/media\/1333"}],"wp:attachment":[{"href":"https:\/\/bigoudines.com\/web\/wp-json\/wp\/v2\/media?parent=2727"}],"wp:term":[{"taxonomy":"product_cat","embeddable":true,"href":"https:\/\/bigoudines.com\/web\/wp-json\/wp\/v2\/product_cat?post=2727"},{"taxonomy":"product_tag","embeddable":true,"href":"https:\/\/bigoudines.com\/web\/wp-json\/wp\/v2\/product_tag?post=2727"}],"curies":[{"name":"wp","href":"https:\/\/api.w.org\/{rel}","templated":true}]}}