{"id":2729,"date":"2019-07-28T10:11:04","date_gmt":"2019-07-28T09:11:04","guid":{"rendered":"https:\/\/bigoudines.com\/web\/?post_type=product&#038;p=2729"},"modified":"2020-11-20T10:13:43","modified_gmt":"2020-11-20T09:13:43","slug":"zoeline-copie","status":"publish","type":"product","link":"https:\/\/bigoudines.com\/web\/product\/zoeline-copie\/","title":{"rendered":"Zo\u00e9line"},"content":{"rendered":"<ul>Poup\u00e9e du Pays de Penthi\u00e8vre<\/p>\n<li>Coiffe de Penthi\u00e8vre en dentelle blanche<\/li>\n<li>Tablier de coton imprim\u00e9 vichy rose et blanc \u00e0 petites fleurs<\/li>\n<li>Dentelle blanche et ruban pass\u00e9 en satin rose bordant le tablier<\/li>\n<li>Manches en tissu assorti avec dentelle blanche et ruban pass\u00e9 en satin rose<\/li>\n<li>Corsage en velours noir avec dentelle blanche et ruban pass\u00e9 en satin rose<\/li>\n<li>Petit fleur \u00e9maill\u00e9e rose<\/li>\n<li>Sac en toile blanc avec petite rose satin<\/li>\n<li>Hauteur = 37 cm environ (avec coiffe)<\/li>\n<\/ul>\n<ul>Recommandation: Cette poup\u00e9e n&rsquo;est pas un jouet pour enfant, mais un objet de d\u00e9coration.<\/ul>\n","protected":false},"excerpt":{"rendered":"<p>Poup\u00e9e du pays de Penthi\u00e8vre <strong>Zo\u00e9line<\/strong> avec son petit sac<\/p>\n","protected":false},"featured_media":1872,"template":"","meta":{"spay_email":""},"product_cat":[50],"product_tag":[74,60],"_links":{"self":[{"href":"https:\/\/bigoudines.com\/web\/wp-json\/wp\/v2\/product\/2729"}],"collection":[{"href":"https:\/\/bigoudines.com\/web\/wp-json\/wp\/v2\/product"}],"about":[{"href":"https:\/\/bigoudines.com\/web\/wp-json\/wp\/v2\/types\/product"}],"wp:featuredmedia":[{"embeddable":true,"href":"https:\/\/bigoudines.com\/web\/wp-json\/wp\/v2\/media\/1872"}],"wp:attachment":[{"href":"https:\/\/bigoudines.com\/web\/wp-json\/wp\/v2\/media?parent=2729"}],"wp:term":[{"taxonomy":"product_cat","embeddable":true,"href":"https:\/\/bigoudines.com\/web\/wp-json\/wp\/v2\/product_cat?post=2729"},{"taxonomy":"product_tag","embeddable":true,"href":"https:\/\/bigoudines.com\/web\/wp-json\/wp\/v2\/product_tag?post=2729"}],"curies":[{"name":"wp","href":"https:\/\/api.w.org\/{rel}","templated":true}]}}