{"id":2736,"date":"2019-07-16T10:30:22","date_gmt":"2019-07-16T09:30:22","guid":{"rendered":"https:\/\/bigoudines.com\/web\/?post_type=product&#038;p=2736"},"modified":"2021-11-08T15:57:20","modified_gmt":"2021-11-08T14:57:20","slug":"maurine-vendue","status":"publish","type":"product","link":"https:\/\/bigoudines.com\/web\/product\/maurine-vendue\/","title":{"rendered":"Maurine <br><span style=\"font-family: Helvetica Neue, sans-serif, Bilbo\">VENDUE<span>"},"content":{"rendered":"<ul>Poup\u00e9e du Tr\u00e9gor<\/p>\n<li>Coiffe tr\u00e9gorroise \u00ab Touken \u00bb en dentelle blanche<\/li>\n<li>Tablier de coton fond bleu imprim\u00e9 grands poissons beige<\/li>\n<li>Dentelle \u00e9crue et bleue bordant le tablier<\/li>\n<li>Manches en tissu coordonn\u00e9 avec dentelle bleue<\/li>\n<li>Corsage en velours noir avec dentelles \u00e9crue et bleue<\/li>\n<li>Petite fleur de lys argent\u00e9e avec n\u0153ud en satin \u00e9cru<\/li>\n<li>Seau en m\u00e9tal avec tissus et pinces \u00e0 linge<\/li>\n<li>Hauteur = 37 cm environ (avec coiffe)<\/li>\n<\/ul>\n<ul>Recommandation: Cette poup\u00e9e n&rsquo;est pas un jouet pour enfant, mais un objet de d\u00e9coration.<\/ul>\n","protected":false},"excerpt":{"rendered":"<p>Poup\u00e9e Tr\u00e9gorroise <strong>Maurine<\/strong> avec son petit seau en zinc et son linge<\/p>\n","protected":false},"featured_media":1818,"template":"","meta":{"spay_email":""},"product_cat":[50],"product_tag":[57,73],"_links":{"self":[{"href":"https:\/\/bigoudines.com\/web\/wp-json\/wp\/v2\/product\/2736"}],"collection":[{"href":"https:\/\/bigoudines.com\/web\/wp-json\/wp\/v2\/product"}],"about":[{"href":"https:\/\/bigoudines.com\/web\/wp-json\/wp\/v2\/types\/product"}],"wp:featuredmedia":[{"embeddable":true,"href":"https:\/\/bigoudines.com\/web\/wp-json\/wp\/v2\/media\/1818"}],"wp:attachment":[{"href":"https:\/\/bigoudines.com\/web\/wp-json\/wp\/v2\/media?parent=2736"}],"wp:term":[{"taxonomy":"product_cat","embeddable":true,"href":"https:\/\/bigoudines.com\/web\/wp-json\/wp\/v2\/product_cat?post=2736"},{"taxonomy":"product_tag","embeddable":true,"href":"https:\/\/bigoudines.com\/web\/wp-json\/wp\/v2\/product_tag?post=2736"}],"curies":[{"name":"wp","href":"https:\/\/api.w.org\/{rel}","templated":true}]}}