{"id":2750,"date":"2019-10-17T10:58:21","date_gmt":"2019-10-17T09:58:21","guid":{"rendered":"https:\/\/bigoudines.com\/web\/?post_type=product&#038;p=2750"},"modified":"2021-11-08T15:55:23","modified_gmt":"2021-11-08T14:55:23","slug":"adelin-vendue","status":"publish","type":"product","link":"https:\/\/bigoudines.com\/web\/product\/adelin-vendue\/","title":{"rendered":"Adelin <br><span style=\"font-family: Helvetica Neue, sans-serif, Bilbo\">VENDU<span>"},"content":{"rendered":"<ul>Poup\u00e9e du Pays Bigouden<\/p>\n<li>Chapeau de feutre noir avec ruban et boucle argent\u00e9e<\/li>\n<li>Pantalon de toile noire<\/li>\n<li>Veste de velours noir avec galon or en bordure<\/li>\n<li>Manches en velours noir avec bas en tissu imprim\u00e9 de motifs bigoudens jaunes<\/li>\n<li>Plastron en tissu imprim\u00e9 de motifs bigoudens jaunes avec 6 boutons argent\u00e9s<\/li>\n<li>Sabots en bois<\/li>\n<li>Hauteur = 40 cm environ (avec chapeau)<\/li>\n<\/ul>\n<ul>Recommandation: Cette poup\u00e9e n&rsquo;est pas un jouet pour enfant, mais un objet de d\u00e9coration.<\/ul>\n","protected":false},"excerpt":{"rendered":"<p>Poup\u00e9e du pays Bigouden <strong>Adelin<\/strong> pr\u00e9sent\u00e9 en couple avec No\u00ebline<\/p>\n","protected":false},"featured_media":2156,"template":"","meta":{"spay_email":""},"product_cat":[50],"product_tag":[62,75,63],"_links":{"self":[{"href":"https:\/\/bigoudines.com\/web\/wp-json\/wp\/v2\/product\/2750"}],"collection":[{"href":"https:\/\/bigoudines.com\/web\/wp-json\/wp\/v2\/product"}],"about":[{"href":"https:\/\/bigoudines.com\/web\/wp-json\/wp\/v2\/types\/product"}],"wp:featuredmedia":[{"embeddable":true,"href":"https:\/\/bigoudines.com\/web\/wp-json\/wp\/v2\/media\/2156"}],"wp:attachment":[{"href":"https:\/\/bigoudines.com\/web\/wp-json\/wp\/v2\/media?parent=2750"}],"wp:term":[{"taxonomy":"product_cat","embeddable":true,"href":"https:\/\/bigoudines.com\/web\/wp-json\/wp\/v2\/product_cat?post=2750"},{"taxonomy":"product_tag","embeddable":true,"href":"https:\/\/bigoudines.com\/web\/wp-json\/wp\/v2\/product_tag?post=2750"}],"curies":[{"name":"wp","href":"https:\/\/api.w.org\/{rel}","templated":true}]}}