{"id":2991,"date":"2021-11-09T10:41:22","date_gmt":"2021-11-09T09:41:22","guid":{"rendered":"https:\/\/bigoudines.com\/web\/?post_type=product&#038;p=2991"},"modified":"2023-05-25T11:18:48","modified_gmt":"2023-05-25T10:18:48","slug":"regine","status":"publish","type":"product","link":"https:\/\/bigoudines.com\/web\/product\/regine\/","title":{"rendered":"R\u00e9gine <br><span style=\"font-family: Helvetica Neue, sans-serif, Bilbo\">VENDUE<span>"},"content":{"rendered":"<ul>Poup\u00e9e du Tr\u00e9gor<\/p>\n<li>Coiffe tr\u00e9gorroise \u00ab\u00a0Touken\u00a0\u00bb en dentelle blanche<\/li>\n<li>Tablier de coton fond marron imprim\u00e9 fleurettes roses<\/li>\n<li>Dentelle rose bordant le tablier avec galon fleurettes \u00e9crues<\/li>\n<li>Manches en tissu assorti avec dentelle rose et\u00a0 galon fleurettes<\/li>\n<li>Corsage en velours noir avec col en dentelle rose et\u00a0 galon fleurettes<\/li>\n<li>Petit c\u0153ur dor\u00e9<\/li>\n<li>Passoire en cuivre<\/li>\n<li>Hauteur = 37 cm environ (avec coiffe)<\/li>\n<\/ul>\n<ul>Recommandation: Cette poup\u00e9e n&rsquo;est pas un jouet pour enfant, mais un objet de d\u00e9coration.<\/ul>\n","protected":false},"excerpt":{"rendered":"<p>Poup\u00e9e Tr\u00e9gorroise <strong>R\u00e9gine<\/strong> avec sa petite passoire en cuivre<\/p>\n","protected":false},"featured_media":2988,"template":"","meta":{"spay_email":""},"product_cat":[50],"product_tag":[86,60,73],"_links":{"self":[{"href":"https:\/\/bigoudines.com\/web\/wp-json\/wp\/v2\/product\/2991"}],"collection":[{"href":"https:\/\/bigoudines.com\/web\/wp-json\/wp\/v2\/product"}],"about":[{"href":"https:\/\/bigoudines.com\/web\/wp-json\/wp\/v2\/types\/product"}],"wp:featuredmedia":[{"embeddable":true,"href":"https:\/\/bigoudines.com\/web\/wp-json\/wp\/v2\/media\/2988"}],"wp:attachment":[{"href":"https:\/\/bigoudines.com\/web\/wp-json\/wp\/v2\/media?parent=2991"}],"wp:term":[{"taxonomy":"product_cat","embeddable":true,"href":"https:\/\/bigoudines.com\/web\/wp-json\/wp\/v2\/product_cat?post=2991"},{"taxonomy":"product_tag","embeddable":true,"href":"https:\/\/bigoudines.com\/web\/wp-json\/wp\/v2\/product_tag?post=2991"}],"curies":[{"name":"wp","href":"https:\/\/api.w.org\/{rel}","templated":true}]}}